{"id":837,"date":"2025-01-17T09:32:51","date_gmt":"2025-01-17T08:32:51","guid":{"rendered":"https:\/\/irenebenavent.com\/sobre-mi\/"},"modified":"2026-01-28T18:14:19","modified_gmt":"2026-01-28T17:14:19","slug":"sobre-mi","status":"publish","type":"page","link":"https:\/\/irenebenavent.com\/es\/sobre-mi\/","title":{"rendered":"Sobre mi"},"content":{"rendered":"\t\t<div data-elementor-type=\"wp-page\" data-elementor-id=\"837\" class=\"elementor elementor-837 elementor-69\" data-elementor-post-type=\"page\">\n\t\t\t\t<div class=\"elementor-element elementor-element-7061efd e-con-full e-flex e-con e-parent\" data-id=\"7061efd\" data-element_type=\"container\">\n\t\t<div class=\"elementor-element elementor-element-293b132 e-con-full e-flex e-con e-child\" data-id=\"293b132\" data-element_type=\"container\">\n\t\t\t\t<div class=\"elementor-element elementor-element-69e6431 elementor-widget__width-inherit elementor-widget elementor-widget-image\" data-id=\"69e6431\" data-element_type=\"widget\" data-widget_type=\"image.default\">\n\t\t\t\t<div class=\"elementor-widget-container\">\n\t\t\t\t\t\t\t\t\t\t\t\t\t\t\t<img fetchpriority=\"high\" decoding=\"async\" width=\"1920\" height=\"1080\" src=\"https:\/\/irenebenavent.com\/wp-content\/uploads\/2025\/01\/1920x1080_sobre_mi_IRENE_16_GEN_2025.jpg\" class=\"attachment-full size-full wp-image-219\" alt=\"\" srcset=\"https:\/\/irenebenavent.com\/wp-content\/uploads\/2025\/01\/1920x1080_sobre_mi_IRENE_16_GEN_2025.jpg 1920w, https:\/\/irenebenavent.com\/wp-content\/uploads\/2025\/01\/1920x1080_sobre_mi_IRENE_16_GEN_2025-300x169.jpg 300w, https:\/\/irenebenavent.com\/wp-content\/uploads\/2025\/01\/1920x1080_sobre_mi_IRENE_16_GEN_2025-1024x576.jpg 1024w, https:\/\/irenebenavent.com\/wp-content\/uploads\/2025\/01\/1920x1080_sobre_mi_IRENE_16_GEN_2025-768x432.jpg 768w, https:\/\/irenebenavent.com\/wp-content\/uploads\/2025\/01\/1920x1080_sobre_mi_IRENE_16_GEN_2025-1536x864.jpg 1536w\" sizes=\"(max-width: 1920px) 100vw, 1920px\" \/>\t\t\t\t\t\t\t\t\t\t\t\t\t\t\t<\/div>\n\t\t\t\t<\/div>\n\t\t\t\t<\/div>\n\t\t<div class=\"elementor-element elementor-element-b619e74 e-con-full e-flex e-con e-child\" data-id=\"b619e74\" data-element_type=\"container\">\n\t\t\t\t<div class=\"elementor-element elementor-element-b65a375 elementor-widget elementor-widget-heading\" data-id=\"b65a375\" data-element_type=\"widget\" data-widget_type=\"heading.default\">\n\t\t\t\t<div class=\"elementor-widget-container\">\n\t\t\t\t\t<h2 class=\"elementor-heading-title elementor-size-default\">Actriz \/ Creadora<\/h2>\t\t\t\t<\/div>\n\t\t\t\t<\/div>\n\t\t<div class=\"elementor-element elementor-element-d041182 e-con-full e-flex e-con e-child\" data-id=\"d041182\" data-element_type=\"container\">\n\t\t<div class=\"elementor-element elementor-element-c7e1eaa e-con-full e-flex e-con e-child\" data-id=\"c7e1eaa\" data-element_type=\"container\">\n\t\t\t\t<div class=\"elementor-element elementor-element-87eae52 elementor-widget__width-inherit elementor-widget-mobile__width-inherit elementor-widget elementor-widget-text-editor\" data-id=\"87eae52\" data-element_type=\"widget\" data-widget_type=\"text-editor.default\">\n\t\t\t\t<div class=\"elementor-widget-container\">\n\t\t\t\t\t\t\t\t\t<p>\u00a1Hola! Soy Irene Benavent Bodro, una creadora en esencia. Las artes esc\u00e9nicas han sido el hilo conductor de mi vida desde que tengo memoria. Cada paso, cada movimiento, cada palabra dicha al escenario ha ido tejiendo un camino donde la danza, el teatro y la creaci\u00f3n se han convertido en una extensi\u00f3n natural de quien soy.<\/p><p>Como si se tratara de un caleidoscopio, he podido experimentar y vivir todo lo relacionado con el movimiento y el arte esc\u00e9nico en m\u00faltiples formas y combinaciones. La danza lleg\u00f3 a m\u00ed desde muy peque\u00f1a, abri\u00e9ndome las puertas a un lenguaje que se convirti\u00f3 en esencial. Y la adolescencia me llev\u00f3 al teatro, donde descubr\u00ed la magia de contar historias. Este caleidoscopio, lleno de colores y formas en constante transformaci\u00f3n, es el reflejo de mi manera de vivir y entender la creaci\u00f3n.<\/p><p>A lo largo de los a\u00f1os, me he dejado llevar por este impulso creativo, explorando terrenos como la dramaturgia, la coreograf\u00eda, la docencia o la direcci\u00f3n art\u00edstica. Me apasiona dar forma a proyectos que conecten con las emociones, que cuenten historias, que inviten a reflexionar y, sobre todo, que dejen huella.<\/p><p>Si has llegado hasta aqu\u00ed, gracias. Si te he despertado la curiosidad y quieres descubrir m\u00e1s sobre m\u00ed o colaborar en un proyecto, estar\u00e9 encantada de conectar contigo.<\/p>\t\t\t\t\t\t\t\t<\/div>\n\t\t\t\t<\/div>\n\t\t\t\t<\/div>\n\t\t<div class=\"elementor-element elementor-element-c54e9a3 e-con-full e-flex e-con e-child\" data-id=\"c54e9a3\" data-element_type=\"container\">\n\t\t\t\t<div class=\"elementor-element elementor-element-4b6c80e elementor-widget elementor-widget-text-editor\" data-id=\"4b6c80e\" data-element_type=\"widget\" data-widget_type=\"text-editor.default\">\n\t\t\t\t<div class=\"elementor-widget-container\">\n\t\t\t\t\t\t\t\t\t<p><a href=\"https:\/\/irenebenavent.com\/wp-content\/uploads\/2026\/01\/CV-ARTISTIC-CATALA.pdf\" target=\"_blank\" rel=\"noopener\"><span style=\"text-decoration: underline;\">CV (pdf)<\/span><\/a><\/p>\t\t\t\t\t\t\t\t<\/div>\n\t\t\t\t<\/div>\n\t\t\t\t<div class=\"elementor-element elementor-element-1da1dd9 elementor-align-left elementor-widget elementor-widget-button\" data-id=\"1da1dd9\" data-element_type=\"widget\" data-widget_type=\"button.default\">\n\t\t\t\t<div class=\"elementor-widget-container\">\n\t\t\t\t\t\t\t\t\t<div class=\"elementor-button-wrapper\">\n\t\t\t\t\t<a class=\"elementor-button elementor-button-link elementor-size-sm\" href=\"#elementor-action%3Aaction%3Dpopup%3Aopen%26settings%3DeyJpZCI6OTUxLCJ0b2dnbGUiOmZhbHNlfQ%3D%3D\">\n\t\t\t\t\t\t<span class=\"elementor-button-content-wrapper\">\n\t\t\t\t\t\t\t\t\t<span class=\"elementor-button-text\">V\u00eddeo<\/span>\n\t\t\t\t\t<\/span>\n\t\t\t\t\t<\/a>\n\t\t\t\t<\/div>\n\t\t\t\t\t\t\t\t<\/div>\n\t\t\t\t<\/div>\n\t\t\t\t<\/div>\n\t\t<div class=\"elementor-element elementor-element-206d229 e-con-full e-flex e-con e-child\" data-id=\"206d229\" data-element_type=\"container\">\n\t\t\t\t<div class=\"elementor-element elementor-element-609918e elementor-widget elementor-widget-text-editor\" data-id=\"609918e\" data-element_type=\"widget\" data-widget_type=\"text-editor.default\">\n\t\t\t\t<div class=\"elementor-widget-container\">\n\t\t\t\t\t\t\t\t\t<p><a href=\"https:\/\/irenebenavent.com\/wp-content\/uploads\/2026\/01\/Diari-de-Tarragona.pdf\" target=\"_blank\" rel=\"noopener\"><span style=\"text-decoration: underline;\">Nota de prensa<\/span><\/a><br><br><\/p>\n<p><span style=\"text-decoration: underline;\"><a href=\"https:\/\/irenebenavent.com\/wp-content\/uploads\/2026\/01\/Diari-de-Tgn-Formigues%E2%80%A6.pdf\" target=\"_blank\" rel=\"noopener\">Nota de prensa<\/a><\/span><\/p>\n<p><span style=\"text-decoration: underline;\"><br><a href=\"https:\/\/rctgn.cat\/podcast\/programes\/carrer-major-tarragona\/carrermajor-podcast-veins\/veins-irene-benavent-una-artista-de-lo-local-a-lo-global\/\" target=\"_blank\" rel=\"noopener\">Nota de prensa<\/a><\/span><\/p>\n<p><span style=\"text-decoration: underline;\"><br><a href=\"https:\/\/lanovaradiodereus.cat\/2a-reus-1900-irene-benavent-espectacle-casa-navas-i-los-rentadors\/\" target=\"_blank\" rel=\"noopener\">Nota de prensa<\/a><\/span><\/p>\n<p><span style=\"text-decoration: underline;\"><br><a href=\"https:\/\/reusdigital.cat\/tags\/irene-benavent\" target=\"_blank\" rel=\"noopener\">Nota de prensa<\/a><\/span><\/p>\t\t\t\t\t\t\t\t<\/div>\n\t\t\t\t<\/div>\n\t\t\t\t<\/div>\n\t\t\t\t<\/div>\n\t\t\t\t<\/div>\n\t\t\t\t<\/div>\n\t\t\t\t<\/div>\n\t\t","protected":false},"excerpt":{"rendered":"<p>Actriz \/ Creadora \u00a1Hola! Soy Irene Benavent Bodro, una creadora en esencia. Las artes esc\u00e9nicas han sido el hilo conductor de mi vida desde que tengo memoria. Cada paso, cada movimiento, cada palabra dicha al escenario ha ido tejiendo un camino donde la danza, el teatro y la creaci\u00f3n se han convertido en una extensi\u00f3n [&hellip;]<\/p>\n","protected":false},"author":1,"featured_media":0,"parent":0,"menu_order":0,"comment_status":"closed","ping_status":"closed","template":"","meta":{"footnotes":""},"class_list":["post-837","page","type-page","status-publish","hentry"],"yoast_head":"<!-- This site is optimized with the Yoast SEO plugin v26.8 - https:\/\/yoast.com\/product\/yoast-seo-wordpress\/ -->\n<title>Sobre mi - Irene Benavent<\/title>\n<meta name=\"description\" content=\"\u00a1Hola! Soy Irene Benavent Bodro, una creadora en esencia. Las artes esc\u00e9nicas han sido el hilo conductor de mi vida desde que tengo memoria.\" \/>\n<meta name=\"robots\" content=\"index, follow, max-snippet:-1, max-image-preview:large, max-video-preview:-1\" \/>\n<link rel=\"canonical\" href=\"https:\/\/irenebenavent.com\/es\/sobre-mi\/\" \/>\n<meta property=\"og:locale\" content=\"es_ES\" \/>\n<meta property=\"og:type\" content=\"article\" \/>\n<meta property=\"og:title\" content=\"Sobre mi - Irene Benavent\" \/>\n<meta property=\"og:description\" content=\"\u00a1Hola! Soy Irene Benavent Bodro, una creadora en esencia. Las artes esc\u00e9nicas han sido el hilo conductor de mi vida desde que tengo memoria.\" \/>\n<meta property=\"og:url\" content=\"https:\/\/irenebenavent.com\/es\/sobre-mi\/\" \/>\n<meta property=\"og:site_name\" content=\"Irene Benavent\" \/>\n<meta property=\"article:modified_time\" content=\"2026-01-28T17:14:19+00:00\" \/>\n<meta property=\"og:image\" content=\"https:\/\/irenebenavent.com\/wp-content\/uploads\/2025\/01\/1920x1080_sobre_mi_IRENE_16_GEN_2025.jpg\" \/>\n<meta name=\"twitter:card\" content=\"summary_large_image\" \/>\n<meta name=\"twitter:label1\" content=\"Tiempo de lectura\" \/>\n\t<meta name=\"twitter:data1\" content=\"1 minuto\" \/>\n<script type=\"application\/ld+json\" class=\"yoast-schema-graph\">{\"@context\":\"https:\/\/schema.org\",\"@graph\":[{\"@type\":\"WebPage\",\"@id\":\"https:\/\/irenebenavent.com\/es\/sobre-mi\/\",\"url\":\"https:\/\/irenebenavent.com\/es\/sobre-mi\/\",\"name\":\"Sobre mi - Irene Benavent\",\"isPartOf\":{\"@id\":\"https:\/\/irenebenavent.com\/es\/#website\"},\"primaryImageOfPage\":{\"@id\":\"https:\/\/irenebenavent.com\/es\/sobre-mi\/#primaryimage\"},\"image\":{\"@id\":\"https:\/\/irenebenavent.com\/es\/sobre-mi\/#primaryimage\"},\"thumbnailUrl\":\"https:\/\/irenebenavent.com\/wp-content\/uploads\/2025\/01\/1920x1080_sobre_mi_IRENE_16_GEN_2025.jpg\",\"datePublished\":\"2025-01-17T08:32:51+00:00\",\"dateModified\":\"2026-01-28T17:14:19+00:00\",\"description\":\"\u00a1Hola! Soy Irene Benavent Bodro, una creadora en esencia. Las artes esc\u00e9nicas han sido el hilo conductor de mi vida desde que tengo memoria.\",\"breadcrumb\":{\"@id\":\"https:\/\/irenebenavent.com\/es\/sobre-mi\/#breadcrumb\"},\"inLanguage\":\"es\",\"potentialAction\":[{\"@type\":\"ReadAction\",\"target\":[\"https:\/\/irenebenavent.com\/es\/sobre-mi\/\"]}]},{\"@type\":\"ImageObject\",\"inLanguage\":\"es\",\"@id\":\"https:\/\/irenebenavent.com\/es\/sobre-mi\/#primaryimage\",\"url\":\"https:\/\/irenebenavent.com\/wp-content\/uploads\/2025\/01\/1920x1080_sobre_mi_IRENE_16_GEN_2025.jpg\",\"contentUrl\":\"https:\/\/irenebenavent.com\/wp-content\/uploads\/2025\/01\/1920x1080_sobre_mi_IRENE_16_GEN_2025.jpg\"},{\"@type\":\"BreadcrumbList\",\"@id\":\"https:\/\/irenebenavent.com\/es\/sobre-mi\/#breadcrumb\",\"itemListElement\":[{\"@type\":\"ListItem\",\"position\":1,\"name\":\"Inici\",\"item\":\"https:\/\/irenebenavent.com\/es\/\"},{\"@type\":\"ListItem\",\"position\":2,\"name\":\"Sobre mi\"}]},{\"@type\":\"WebSite\",\"@id\":\"https:\/\/irenebenavent.com\/es\/#website\",\"url\":\"https:\/\/irenebenavent.com\/es\/\",\"name\":\"Irene Benavent\",\"description\":\"Actriu i creadora \",\"potentialAction\":[{\"@type\":\"SearchAction\",\"target\":{\"@type\":\"EntryPoint\",\"urlTemplate\":\"https:\/\/irenebenavent.com\/es\/?s={search_term_string}\"},\"query-input\":{\"@type\":\"PropertyValueSpecification\",\"valueRequired\":true,\"valueName\":\"search_term_string\"}}],\"inLanguage\":\"es\"}]}<\/script>\n<!-- \/ Yoast SEO plugin. -->","yoast_head_json":{"title":"Sobre mi - Irene Benavent","description":"\u00a1Hola! Soy Irene Benavent Bodro, una creadora en esencia. Las artes esc\u00e9nicas han sido el hilo conductor de mi vida desde que tengo memoria.","robots":{"index":"index","follow":"follow","max-snippet":"max-snippet:-1","max-image-preview":"max-image-preview:large","max-video-preview":"max-video-preview:-1"},"canonical":"https:\/\/irenebenavent.com\/es\/sobre-mi\/","og_locale":"es_ES","og_type":"article","og_title":"Sobre mi - Irene Benavent","og_description":"\u00a1Hola! Soy Irene Benavent Bodro, una creadora en esencia. Las artes esc\u00e9nicas han sido el hilo conductor de mi vida desde que tengo memoria.","og_url":"https:\/\/irenebenavent.com\/es\/sobre-mi\/","og_site_name":"Irene Benavent","article_modified_time":"2026-01-28T17:14:19+00:00","og_image":[{"url":"https:\/\/irenebenavent.com\/wp-content\/uploads\/2025\/01\/1920x1080_sobre_mi_IRENE_16_GEN_2025.jpg","type":"","width":"","height":""}],"twitter_card":"summary_large_image","twitter_misc":{"Tiempo de lectura":"1 minuto"},"schema":{"@context":"https:\/\/schema.org","@graph":[{"@type":"WebPage","@id":"https:\/\/irenebenavent.com\/es\/sobre-mi\/","url":"https:\/\/irenebenavent.com\/es\/sobre-mi\/","name":"Sobre mi - Irene Benavent","isPartOf":{"@id":"https:\/\/irenebenavent.com\/es\/#website"},"primaryImageOfPage":{"@id":"https:\/\/irenebenavent.com\/es\/sobre-mi\/#primaryimage"},"image":{"@id":"https:\/\/irenebenavent.com\/es\/sobre-mi\/#primaryimage"},"thumbnailUrl":"https:\/\/irenebenavent.com\/wp-content\/uploads\/2025\/01\/1920x1080_sobre_mi_IRENE_16_GEN_2025.jpg","datePublished":"2025-01-17T08:32:51+00:00","dateModified":"2026-01-28T17:14:19+00:00","description":"\u00a1Hola! Soy Irene Benavent Bodro, una creadora en esencia. Las artes esc\u00e9nicas han sido el hilo conductor de mi vida desde que tengo memoria.","breadcrumb":{"@id":"https:\/\/irenebenavent.com\/es\/sobre-mi\/#breadcrumb"},"inLanguage":"es","potentialAction":[{"@type":"ReadAction","target":["https:\/\/irenebenavent.com\/es\/sobre-mi\/"]}]},{"@type":"ImageObject","inLanguage":"es","@id":"https:\/\/irenebenavent.com\/es\/sobre-mi\/#primaryimage","url":"https:\/\/irenebenavent.com\/wp-content\/uploads\/2025\/01\/1920x1080_sobre_mi_IRENE_16_GEN_2025.jpg","contentUrl":"https:\/\/irenebenavent.com\/wp-content\/uploads\/2025\/01\/1920x1080_sobre_mi_IRENE_16_GEN_2025.jpg"},{"@type":"BreadcrumbList","@id":"https:\/\/irenebenavent.com\/es\/sobre-mi\/#breadcrumb","itemListElement":[{"@type":"ListItem","position":1,"name":"Inici","item":"https:\/\/irenebenavent.com\/es\/"},{"@type":"ListItem","position":2,"name":"Sobre mi"}]},{"@type":"WebSite","@id":"https:\/\/irenebenavent.com\/es\/#website","url":"https:\/\/irenebenavent.com\/es\/","name":"Irene Benavent","description":"Actriu i creadora ","potentialAction":[{"@type":"SearchAction","target":{"@type":"EntryPoint","urlTemplate":"https:\/\/irenebenavent.com\/es\/?s={search_term_string}"},"query-input":{"@type":"PropertyValueSpecification","valueRequired":true,"valueName":"search_term_string"}}],"inLanguage":"es"}]}},"_links":{"self":[{"href":"https:\/\/irenebenavent.com\/es\/wp-json\/wp\/v2\/pages\/837","targetHints":{"allow":["GET"]}}],"collection":[{"href":"https:\/\/irenebenavent.com\/es\/wp-json\/wp\/v2\/pages"}],"about":[{"href":"https:\/\/irenebenavent.com\/es\/wp-json\/wp\/v2\/types\/page"}],"author":[{"embeddable":true,"href":"https:\/\/irenebenavent.com\/es\/wp-json\/wp\/v2\/users\/1"}],"replies":[{"embeddable":true,"href":"https:\/\/irenebenavent.com\/es\/wp-json\/wp\/v2\/comments?post=837"}],"version-history":[{"count":7,"href":"https:\/\/irenebenavent.com\/es\/wp-json\/wp\/v2\/pages\/837\/revisions"}],"predecessor-version":[{"id":976,"href":"https:\/\/irenebenavent.com\/es\/wp-json\/wp\/v2\/pages\/837\/revisions\/976"}],"wp:attachment":[{"href":"https:\/\/irenebenavent.com\/es\/wp-json\/wp\/v2\/media?parent=837"}],"curies":[{"name":"wp","href":"https:\/\/api.w.org\/{rel}","templated":true}]}}